{"id":10,"date":"2017-09-26T08:08:39","date_gmt":"2017-09-26T08:08:39","guid":{"rendered":"http:\/\/yogahedingen.ch\/?page_id=10"},"modified":"2024-01-21T14:58:48","modified_gmt":"2024-01-21T14:58:48","slug":"willkommen","status":"publish","type":"page","link":"https:\/\/yogahedingen.ch\/","title":{"rendered":"Willkommen"},"content":{"rendered":"\n<figure class=\"wp-block-image is-resized\"><a href=\"https:\/\/www.youtube.com\/watch?v=DAyhvldEz8s\" target=\"_blank\" rel=\"noreferrer noopener\"><img loading=\"lazy\" decoding=\"async\" width=\"636\" height=\"215\" src=\"https:\/\/yogahedingen.ch\/wp-content\/uploads\/2019\/03\/logo_yohe.png\" alt=\"\" class=\"wp-image-194\" srcset=\"https:\/\/yogahedingen.ch\/wp-content\/uploads\/2019\/03\/logo_yohe.png 636w, https:\/\/yogahedingen.ch\/wp-content\/uploads\/2019\/03\/logo_yohe-300x101.png 300w\" sizes=\"auto, (max-width: 636px) 100vw, 636px\" \/><\/a><\/figure>\n\n\n<h2 style=\"padding-top: 0px;\"><strong>Yogakurse f\u00fcr alle Niveaus<\/strong><\/h2>\n\n\n<p>Chilehuus,\u00a0Raum Chornchammere, 1. OG,\u00a0<a href=\"https:\/\/www.google.ch\/maps\/place\/Oberdorfstrasse+1,+8908+Hedingen\/@47.2976176,8.4474182,17z\/data=!3m1!4b1!4m5!3m4!1s0x4790089f036dd429:0x996473e624a33ece!8m2!3d47.2976176!4d8.4496069\">Oberdorfstrasse 1<\/a>, 8908 Hedingen<\/p>\n\n\n\n<hr class=\"wp-block-separator has-css-opacity\"\/>\n\n\n\n<p class=\"has-text-align-center has-luminous-vivid-amber-color has-text-color has-medium-font-size\"><strong>Bis auf Weiteres finden keine Kurse statt!<\/strong><\/p>\n\n\n\n<hr class=\"wp-block-separator has-css-opacity\"\/>\n\n\n\n<h3 class=\"wp-block-heading\">Montag von 19:30 bis 20:45 Uhr mit Patrick<\/h3>\n\n\n<div class=\"wp-block-image is-resized\">\n<figure class=\"alignright\"><img loading=\"lazy\" decoding=\"async\" width=\"200\" height=\"300\" src=\"https:\/\/yogahedingen.ch\/wp-content\/uploads\/2017\/11\/Patrick_Portrait_a3-200x300.jpg\" alt=\"\" class=\"wp-image-61\" srcset=\"https:\/\/yogahedingen.ch\/wp-content\/uploads\/2017\/11\/Patrick_Portrait_a3-200x300.jpg 200w, https:\/\/yogahedingen.ch\/wp-content\/uploads\/2017\/11\/Patrick_Portrait_a3-768x1152.jpg 768w, https:\/\/yogahedingen.ch\/wp-content\/uploads\/2017\/11\/Patrick_Portrait_a3-683x1024.jpg 683w\" sizes=\"auto, (max-width: 200px) 100vw, 200px\" \/><\/figure>\n<\/div>\n\n\n<p><em>Bitte an- oder abmelden bis am Vorabend<\/em>.<\/p>\n\n\n\n<p>Eine ganzheitliche Yogalektion, die oft mit Gelenkmobilisationen beginnt. Fliessende \u00dcbungen lockern und w\u00e4rmen den K\u00f6rper auf. Durch etwas l\u00e4nger gehaltene Stellungen kann man dann atmend in die Tiefe gehen. Schliesslich sorgen Atem\u00fcbungen und Techniken zur Entspannung f\u00fcr den erw\u00fcnschten Ausgleich. Dank individueller Anpassungen kann man jederzeit und auch ohne Erfahrung mitmachen.<\/p>\n\n\n\n<h3 class=\"wp-block-heading\">Freitag von 8:30 bis 9:45 Uhr mit Sandra<\/h3>\n\n\n<div class=\"wp-block-image is-resized\">\n<figure class=\"alignright\"><img loading=\"lazy\" decoding=\"async\" width=\"200\" height=\"300\" src=\"https:\/\/yogahedingen.ch\/wp-content\/uploads\/2017\/11\/Sandra_Portrait_2-200x300.jpg\" alt=\"\" class=\"wp-image-62\" srcset=\"https:\/\/yogahedingen.ch\/wp-content\/uploads\/2017\/11\/Sandra_Portrait_2-200x300.jpg 200w, https:\/\/yogahedingen.ch\/wp-content\/uploads\/2017\/11\/Sandra_Portrait_2-768x1152.jpg 768w, https:\/\/yogahedingen.ch\/wp-content\/uploads\/2017\/11\/Sandra_Portrait_2-683x1024.jpg 683w\" sizes=\"auto, (max-width: 200px) 100vw, 200px\" \/><\/figure>\n<\/div>\n\n\n<p><em>Bitte an- oder abmelden&nbsp;bis am Vorabend.<\/em><\/p>\n\n\n\n<p>Mittels Yoga-und Atem\u00fcbungen und dank Phasen der Tiefenentspannung verbessern wir unsere Vitalit\u00e4t und optimieren die Haltung der inneren Gelassenheit.  Wir starten entspannt und gelassen mit einfachen \u00dcbungen&nbsp; und  Meditationen in den Morgen. Danach kann es auch mal aktiver und  anspruchsvoller weitergehen. Den Abschluss der Stunde bildet jeweils  eine Tiefenentspannung. <\/p>\n\n\n\n<p><\/p>\n\n\n\n<p><\/p>\n\n\n\n<div style=\"height:100px\" aria-hidden=\"true\" class=\"wp-block-spacer\"><\/div>\n\n\n<div class=\"wp-block-image\">\n<figure class=\"alignright\"><img loading=\"lazy\" decoding=\"async\" width=\"150\" height=\"194\" src=\"https:\/\/yogahedingen.ch\/wp-content\/uploads\/2017\/12\/YCH_LABEL_Teacher_XS_RGB-e1513859854621.png\" alt=\"\" class=\"wp-image-76\"\/><\/figure>\n<\/div>\n\n\n<p>Einige Matten, Kissen, Decken und Gurte sind vorhanden<\/p>\n\n\n\n<p>Bitte bequeme Kleidung anziehen und fr\u00fchzeitig eintreffen<\/p>\n\n\n\n<p><em><strong>Wir sind anerkannt von <a href=\"http:\/\/www.yoga.ch\/\" target=\"_blank\" rel=\"noreferrer noopener\">Yoga Schweiz<\/a> und <\/strong><a href=\"https:\/\/yogahedingen.ch\/wp-content\/uploads\/2017\/12\/EMfitQualit\u00e4tslabel_131583329044764810.pdf\" target=\"_blank\" rel=\"noreferrer noopener\"><strong>EMfit<\/strong><\/a><\/em><\/p>\n\n\n\n<h4 class=\"wp-block-heading\">Impression Chornchammere<\/h4>\n\n\n\n<figure class=\"wp-block-gallery has-nested-images columns-default is-cropped wp-block-gallery-1 is-layout-flex wp-block-gallery-is-layout-flex\">\n<figure class=\"wp-block-image size-large\"><img loading=\"lazy\" decoding=\"async\" width=\"1024\" height=\"768\" data-id=\"220\" src=\"https:\/\/yogahedingen.ch\/wp-content\/uploads\/2019\/07\/20190716_172811-1024x768.jpg\" alt=\"\" class=\"wp-image-220\" srcset=\"https:\/\/yogahedingen.ch\/wp-content\/uploads\/2019\/07\/20190716_172811-1024x768.jpg 1024w, https:\/\/yogahedingen.ch\/wp-content\/uploads\/2019\/07\/20190716_172811-300x225.jpg 300w, https:\/\/yogahedingen.ch\/wp-content\/uploads\/2019\/07\/20190716_172811-768x576.jpg 768w\" sizes=\"auto, (max-width: 767px) 89vw, (max-width: 1000px) 54vw, (max-width: 1071px) 543px, 580px\" \/><\/figure>\n<\/figure>\n","protected":false},"excerpt":{"rendered":"<p>Yogakurse f\u00fcr alle Niveaus Chilehuus,\u00a0Raum Chornchammere, 1. OG,\u00a0Oberdorfstrasse 1, 8908 Hedingen Bis auf Weiteres finden keine Kurse statt! Montag von 19:30 bis 20:45 Uhr mit Patrick Bitte an- oder abmelden bis am Vorabend. Eine ganzheitliche Yogalektion, die oft mit Gelenkmobilisationen beginnt. Fliessende \u00dcbungen lockern und w\u00e4rmen den K\u00f6rper auf. Durch etwas l\u00e4nger gehaltene Stellungen kann &hellip; <\/p>\n<p class=\"link-more\"><a href=\"https:\/\/yogahedingen.ch\/\" class=\"more-link\"><span class=\"screen-reader-text\">\u201eWillkommen\u201c <\/span>weiterlesen<\/a><\/p>\n","protected":false},"author":1,"featured_media":22,"parent":0,"menu_order":0,"comment_status":"closed","ping_status":"closed","template":"","meta":{"footnotes":""},"class_list":["post-10","page","type-page","status-publish","has-post-thumbnail","hentry"],"_links":{"self":[{"href":"https:\/\/yogahedingen.ch\/index.php?rest_route=\/wp\/v2\/pages\/10","targetHints":{"allow":["GET"]}}],"collection":[{"href":"https:\/\/yogahedingen.ch\/index.php?rest_route=\/wp\/v2\/pages"}],"about":[{"href":"https:\/\/yogahedingen.ch\/index.php?rest_route=\/wp\/v2\/types\/page"}],"author":[{"embeddable":true,"href":"https:\/\/yogahedingen.ch\/index.php?rest_route=\/wp\/v2\/users\/1"}],"replies":[{"embeddable":true,"href":"https:\/\/yogahedingen.ch\/index.php?rest_route=%2Fwp%2Fv2%2Fcomments&post=10"}],"version-history":[{"count":111,"href":"https:\/\/yogahedingen.ch\/index.php?rest_route=\/wp\/v2\/pages\/10\/revisions"}],"predecessor-version":[{"id":249,"href":"https:\/\/yogahedingen.ch\/index.php?rest_route=\/wp\/v2\/pages\/10\/revisions\/249"}],"wp:featuredmedia":[{"embeddable":true,"href":"https:\/\/yogahedingen.ch\/index.php?rest_route=\/wp\/v2\/media\/22"}],"wp:attachment":[{"href":"https:\/\/yogahedingen.ch\/index.php?rest_route=%2Fwp%2Fv2%2Fmedia&parent=10"}],"curies":[{"name":"wp","href":"https:\/\/api.w.org\/{rel}","templated":true}]}}